 {"id":10255,"date":"2021-05-26T17:09:38","date_gmt":"2021-05-26T16:09:38","guid":{"rendered":"https:\/\/healthcharity.wales\/gwybodaeth-am-roi-i-staff-ysbyty\/"},"modified":"2021-05-26T17:09:38","modified_gmt":"2021-05-26T16:09:38","slug":"gwybodaeth-am-roi-i-staff-ysbyty","status":"publish","type":"page","link":"https:\/\/healthcharity.wales\/cy\/gwybodaeth-am-staff\/gwybodaeth-am-roi-i-staff-ysbyty\/","title":{"rendered":"Gwybodaeth am roi i staff ysbyty"},"content":{"rendered":"\n<h4 class=\"has-text-color mt-3 wp-block-heading\" style=\"color:#931f67\">Derbyn rhoddion arian parod<\/h4>\n\n<p>Gofynnwch i\u2019r unigolyn fynd \u00e2\u2019r rhodd yn syth i swyddfeydd y derbynyddion arian yn Ysbyty Athrofaol Cymru neu yn Ysbyty Athrofaol Llandochau. Neu, rhaid i ddau aelod o staff Bwrdd Iechyd y Brifysgol wirio\u2019r swm, llenwi ffurflen rhoddion a rhoi derbynneb i\u2019r rhoddwr cyn cadw\u2019r rhodd yn ofalus. Ond mae\u2019n RHAID bancio\u2019r arian cyn pen 7 diwrnod i dderbyn yr arian yn swyddfeydd y derbynyddion arian.<\/p>\n\n<p>Os hoffech anfon llythyr diolch gan eich ward neu adran, a fyddech cystal ag anfon copi i swyddfa&#8217;r Elusen Iechyd ar gyfer ein cofnodion.<\/p>\n\n<h4 class=\"has-text-color mt-3 wp-block-heading\" style=\"color:#931f67\">Derbyn rhoddion drwy&#8217;r post<\/h4>\n\n<p>Llenwch y ffurflen rhoddion gan sicrhau bod enw&#8217;r rhoddwr, y cyfeiriad a manylion y rhif gwaddol wedi&#8217;u rhoi yn llawn.<\/p>\n\n<p>Anfonwch y copi gwyn at y rhoddwr a llythyr diolch hefyd os ydych yn dymuno.<\/p>\n\n<p>Ewch \u00e2\u2019r rhodd i swyddfa\u2019r derbynyddion arian ynghyd \u00e2 chopi pinc y ffurflen a\u2019r ddau gopi arall o\u2019r ffurflen (bydd eich adran yn cadw\u2019r copi melyn a dylid anfon y copi glas atom ni yn y post mewnol d\/o Elusen Iechyd, Woodland House. Neu mae\u2019n bosibl gadael y ffurflen las yn swyddfa\u2019r derbynyddion arian, a bydd y swyddogion hynny yn anfon y ffurflen ymlaen ar eich rhan).<\/p>\n\n<h4 class=\"has-text-color mt-3 wp-block-heading\" style=\"color:#931f67\">Derbyn Sieciau<\/h4>\n\n<p>Pan fyddwch yn derbyn sieciau gan roddwyr, lle nad yw\u2019r cyfeiriad wedi\u2019i roi, neu os ydynt wedi dod drwy law trefnwyr angladdau, rhaid eu hanfon ymlaen i swyddfa\u2019r Elusen Iechyd i gael eu prosesu. Bydd yr Elusen Iechyd yn cysylltu \u00e2\u2019r rhoddwyr drwy eu banc, gan ddefnyddio\u2019r manylion sydd ar y sieciau ac yn sicrhau bod llythyrau diolch yn cael eu hanfon.<\/p>\n\n<p>Bydd y ffurflenni derbynneb rhoddion melyn yn cael eu hanfon ymlaen i\u2019r adrannau perthnasol er gwybodaeth ac ar gyfer eu cofnodion ar \u00f4l i\u2019r sieciau gael eu bancio yn swyddfa\u2019r Derbynyddion Arian.<\/p>\n\n<h4 class=\"has-text-color mt-3 wp-block-heading\" style=\"color:#931f67\">Cymorth Rhodd<\/h4>\n\n<p>Os yw rhoddwr yn talu treth yn y DU, mae modd hawlio cymorth rhodd ar unrhyw rodd, sy\u2019n golygu mwy o arian i\u2019r Elusen Iechyd \u2013 HEB UNRHYW GOST i\u2019r rhoddwr. Mae\u2019n bosibl codi 25c yn ychwanegol am bob punt, felly mae\u2019n werth yr ymdrech.<\/p>\n\n<p>Mae\u2019n bwysig iawn bod yr Elusen Iechyd yn hawlio cymorth rhodd ar bob rhodd cymwys, ar ran Bwrdd Iechyd y Brifysgol. Pan fyddwch yn derbyn rhodd gan unigolyn, gofynnwch am gyfeiriad cartref y rhoddwr a sicrhau bod adran cymorth rhodd y ffurflen wedi cael ei llenwi. Fel arfer, mae rhoddwyr yn hapus iawn clywed ein bod yn gallu cael cymorth ychwanegol heb unrhyw gost iddynt hwy.<\/p>\n\n<p>Rydym hefyd yn anfon llythyr diolch gan yr Elusen Iechyd, ac wrth gwrs, mae croeso i chi anfon nodyn personol hefyd.<\/p>\n\n<p>Er mwyn i ni allu hawlio cymorth rhodd, mae&#8217;n rhaid i ni gael enw a chyfeiriad cartref y rhoddwr, yn ogystal \u00e2 chaniat\u00e2d. Nid oes modd hawlio cymorth rhodd ar roddion sy&#8217;n dod drwy gyfrwng sieciau gan gwmn\u00efau.<\/p>\n\n<p>Sicrhewch fod pob rhan o&#8217;r ffurflen rhodd wedi cael ei llenwi&#8217;n glir.<\/p>\n\n<h4 class=\"has-text-color mt-3 wp-block-heading\" style=\"color:#931f67\">Ffurflen Cymorth Rhodd<\/h4>\n\n<p>Bydd yr Elusen Iechyd yn anfon llythyr diolch am BOB rhodd a ddaw i law. Mae croeso i chi ddal ati i anfon llythyrau diolch gan eich ward neu adran, ond cofiwch anfon copi i Swyddfa&#8217;r Elusen Iechyd ar gyfer ein cofnodion hefyd. <\/p>\n\n<div class=\"wp-block-button\"><a class=\"wp-block-button__link\" href=\"http:\/\/healthcharity.celfapps.com\/app\/uploads\/2019\/12\/Gift-Aid-Form.doc\">Llwytho Ffurflen Cymorth Rhodd i Lawr<\/a><\/div>\n\n<div style=\"height:20px\" aria-hidden=\"true\" class=\"wp-block-spacer\"><\/div>\n","protected":false},"excerpt":{"rendered":"<p>Derbyn rhoddion arian parod Gofynnwch i\u2019r unigolyn fynd \u00e2\u2019r rhodd yn syth i swyddfeydd y derbynyddion arian yn Ysbyty Athrofaol Cymru neu yn Ysbyty Athrofaol Llandochau. Neu, rhaid i ddau aelod o staff Bwrdd Iechyd y Brifysgol wirio\u2019r swm, llenwi ffurflen rhoddion a rhoi derbynneb i\u2019r rhoddwr cyn cadw\u2019r rhodd yn ofalus. Ond mae\u2019n RHAID<\/p>\n","protected":false},"author":1,"featured_media":0,"parent":10259,"menu_order":110,"comment_status":"closed","ping_status":"closed","template":"views\/template-sidebar-nav.blade.php","meta":{"_acf_changed":false,"give_campaign_id":0,"footnotes":""},"class_list":["post-10255","page","type-page","status-publish","hentry"],"acf":[],"campaignId":"","_links":{"self":[{"href":"https:\/\/healthcharity.wales\/cy\/wp-json\/wp\/v2\/pages\/10255","targetHints":{"allow":["GET"]}}],"collection":[{"href":"https:\/\/healthcharity.wales\/cy\/wp-json\/wp\/v2\/pages"}],"about":[{"href":"https:\/\/healthcharity.wales\/cy\/wp-json\/wp\/v2\/types\/page"}],"author":[{"embeddable":true,"href":"https:\/\/healthcharity.wales\/cy\/wp-json\/wp\/v2\/users\/1"}],"replies":[{"embeddable":true,"href":"https:\/\/healthcharity.wales\/cy\/wp-json\/wp\/v2\/comments?post=10255"}],"version-history":[{"count":1,"href":"https:\/\/healthcharity.wales\/cy\/wp-json\/wp\/v2\/pages\/10255\/revisions"}],"predecessor-version":[{"id":10256,"href":"https:\/\/healthcharity.wales\/cy\/wp-json\/wp\/v2\/pages\/10255\/revisions\/10256"}],"up":[{"embeddable":true,"href":"https:\/\/healthcharity.wales\/cy\/wp-json\/wp\/v2\/pages\/10259"}],"wp:attachment":[{"href":"https:\/\/healthcharity.wales\/cy\/wp-json\/wp\/v2\/media?parent=10255"}],"curies":[{"name":"wp","href":"https:\/\/api.w.org\/{rel}","templated":true}]}}