 {"id":10243,"date":"2021-05-26T17:09:17","date_gmt":"2021-05-26T16:09:17","guid":{"rendered":"https:\/\/healthcharity.wales\/loterir-staff\/"},"modified":"2021-05-26T17:09:17","modified_gmt":"2021-05-26T16:09:17","slug":"loterir-staff","status":"publish","type":"page","link":"https:\/\/healthcharity.wales\/cy\/loterir-staff\/","title":{"rendered":"Loteri&#8217;r Staff"},"content":{"rendered":"\n<figure class=\"wp-block-image size-large is-resized\"><img loading=\"lazy\" decoding=\"async\" src=\"https:\/\/healthcharity.wales\/app\/uploads\/2019\/12\/staff-lottery.png\" alt=\"\" class=\"wp-image-519\" width=\"311\" height=\"160\"\/><\/figure>\n<p><strong>Sefydlwyd loteri&#8217;r staff ym mis Medi 2005 i godi arian i Elusen Iechyd Caerdydd a&#8217;r Fro (rhif cofrestru&#8217;r elusen: 1056544) er budd staff a chleifion. Ers hynny, mae&#8217;r loteri wedi mynd o nerth i nerth. Erbyn hyn, mae gan staff y cyfle i ennill \u00a31,000 bob wythnos, a cheir dwy raffl enfawr bob blwyddyn hefyd! <\/strong><\/p>\n\n<figure class=\"wp-block-image size-large\"><img loading=\"lazy\" decoding=\"async\" width=\"1024\" height=\"682\" src=\"https:\/\/healthcharity.wales\/app\/uploads\/2020\/01\/Staff-Lottery-1024x682.jpg\" alt=\"\" class=\"wp-image-2681\" srcset=\"https:\/\/healthcharity.wales\/app\/uploads\/2020\/01\/Staff-Lottery-1024x682.jpg 1024w, https:\/\/healthcharity.wales\/app\/uploads\/2020\/01\/Staff-Lottery-300x200.jpg 300w, https:\/\/healthcharity.wales\/app\/uploads\/2020\/01\/Staff-Lottery-768x512.jpg 768w, https:\/\/healthcharity.wales\/app\/uploads\/2020\/01\/Staff-Lottery-250x167.jpg 250w, https:\/\/healthcharity.wales\/app\/uploads\/2020\/01\/Staff-Lottery-510x340.jpg 510w, https:\/\/healthcharity.wales\/app\/uploads\/2020\/01\/Staff-Lottery.jpg 1280w\" sizes=\"auto, (max-width: 1024px) 100vw, 1024px\" \/><\/figure>\n<p>Gall holl staff Bwrdd Iechyd y Brifysgol ymuno \u00e2&#8217;r loteri, ac am gyn lleied \u00e2 \u00a31 yr wythnos gallech ennill \u00a31,000. Cofiwch fod ein prosiectau elusennol ein hunain ar eu hennill hefyd. Mae pob ceiniog o elw yn mynd i&#8217;n cronfeydd elusennol a gallai eich ardal chi elwa.<\/p>\n\n<p>Er mwyn cydymffurfio ag argymhellion Archwilio, mae&#8217;r Loteri wythnosol yn cael ei chynnal ar ddydd Gwener olaf pob mis. Byddwn yn cysylltu \u00e2&#8217;r pedwar neu bump enillydd lwcus.<\/p>\n\n<p>Yr Elusen Iechyd sy&#8217;n rhedeg Loteri&#8217;r Staff ar ran Bwrdd Iechyd Prifysgol Caerdydd a&#8217;r Fro, gan godi llawer iawn o arian er budd cleifion, ymwelwyr a staff.<\/p>\n\n<p>Bob mis bydd pedwar neu bump o weithwyr lwcus yn ennill \u00a31000!!! <\/p>\n\n<p>I gael gwybod sut mae cymryd rhan, sut mae&#8217;n gweithio, sut mae gwneud cais am arian ac i gael enghreifftiau o grantiau blaenorol, llwythwch gopi o&#8217;n taflen i lawr.<\/p>\n\n<p>Os hoffech ymuno \u00e2 loteri&#8217;r staff, ffoniwch Swyddfa&#8217;r Elusen Iechyd ar 029 2183 6052.<\/p>\n\n<h4 class=\"has-text-color wp-block-heading\" style=\"color:#931f67\">Ffeithiau am y Loteri<\/h4>\n\n<p>Bydd y loteri&#8217;n cael ei dynnu bedwar neu bum gwaith bob mis a bydd yr enillwyr yn cael \u00a31000 &#8211; hyn i gyd am \u00a31 yr wythnos (sy&#8217;n cyfateb i \u00a34.33 y mis)<\/p>\n\n<p>Os na fydd modd cael gafael ar enillydd, bydd ei enw&#8217;n cael ei roi ar y Fewnrwyd a byddwn yn gofyn iddo gysylltu er mwyn hawlio&#8217;i wobr. Os na fydd wedi cysylltu \u00e2 ni ar \u00f4l tri mis, bydd ei enw&#8217;n cael ei dynnu&#8217;n \u00f4l a bydd yr arian yn cael ei gadw yng nghronfa&#8217;r Loteri.<\/p>\n\n<div class=\"wp-block-columns icon-row mb-0 is-layout-flex wp-container-core-columns-is-layout-1 wp-block-columns-is-layout-flex\">\n<div class=\"wp-block-column is-layout-flow wp-block-column-is-layout-flow\">\n<figure class=\"wp-block-image size-large\"><img loading=\"lazy\" decoding=\"async\" width=\"119\" height=\"96\" src=\"https:\/\/healthcharity.wales\/app\/uploads\/2019\/11\/win.png\" alt=\"\" class=\"wp-image-391\"\/><\/figure>\n\n\n<p style=\"color:#931f67\" class=\"has-text-color\"><strong>Mae rhifau&#8217;r Loteri yn cael eu tynnu<\/strong><br\/><strong> bob mis<\/strong><\/p>\n<\/div>\n\n\n\n<div class=\"wp-block-column is-layout-flow wp-block-column-is-layout-flow\">\n<figure class=\"wp-block-image size-large\"><img loading=\"lazy\" decoding=\"async\" width=\"87\" height=\"101\" src=\"https:\/\/healthcharity.wales\/app\/uploads\/2019\/11\/salary.png\" alt=\"\" class=\"wp-image-392\"\/><\/figure>\n\n\n<p style=\"color:#931f67\" class=\"has-text-color\"><strong>Gallwch dalu&#8217;n syth <\/strong><br\/><strong>o&#8217;ch cyflog<\/strong><\/p>\n<\/div>\n\n\n\n<div class=\"wp-block-column is-layout-flow wp-block-column-is-layout-flow\">\n<figure class=\"wp-block-image size-large\"><img loading=\"lazy\" decoding=\"async\" width=\"79\" height=\"86\" src=\"https:\/\/healthcharity.wales\/app\/uploads\/2019\/11\/pay_1.png\" alt=\"\" class=\"wp-image-393\"\/><\/figure>\n\n\n<p style=\"color:#931f67\" class=\"has-text-color\"><strong>Talu bob wythnos neu bob mis<\/strong><\/p>\n<\/div>\n<\/div>\n\n<h4 class=\"has-text-color wp-block-heading\" style=\"color:#931f67\">Sut mae ymuno<\/h4>\n\n<ul class=\"wp-block-list\"><li>Penderfynwch sawl rhif bob wythnos<\/li><li>Llenwch Ffurflen Gais Loteri (mae&#8217;n syml a rhwydd) a&#8217;i chyflwyno ar-lein<\/li><li>Postiwch y ffurflen i Swyddfa Codi Arian yr Elusen Iechyd yn y post mewnol<\/li><\/ul>\n<h4 class=\"has-text-color wp-block-heading\" style=\"color:#931f67\">Ffurflen gais<\/h4>\n<form class=\"af-form acf-form\" method=\"POST\" action=\"https:\/\/healthcharity.wales\/cy\/wp-json\/wp\/v2\/pages\/10243\" id=\"form_staff_lottery\" data-key=\"form_staff_lottery\"><div class=\"af-fields acf-fields acf-form-fields -top\">\t<div id=\"acf-form-data\" class=\"acf-hidden\">\n\t\t<input type=\"hidden\" id=\"_acf_screen\" name=\"_acf_screen\" value=\"acf_form\"\/><input type=\"hidden\" id=\"_acf_post_id\" name=\"_acf_post_id\" value=\"0\"\/><input type=\"hidden\" id=\"_acf_validation\" name=\"_acf_validation\" value=\"1\"\/><input type=\"hidden\" id=\"_acf_form\" name=\"_acf_form\" value=\"0\"\/><input type=\"hidden\" id=\"_acf_nonce\" name=\"_acf_nonce\" value=\"49b1731c89\"\/><input type=\"hidden\" id=\"_acf_changed\" name=\"_acf_changed\" value=\"0\"\/>\t<\/div>\n\t<div class=\"acf-hidden\"><input type=\"hidden\" name=\"_acfnonce\" value=\"b75410ab93\"><input type=\"hidden\" name=\"nonce\" value=\"b75410ab93\"><input type=\"hidden\" name=\"af_form\" value=\"form_staff_lottery\"><input type=\"hidden\" name=\"af_form_args\" value=\"eyJhamF4IjpmYWxzZSwiZGlzcGxheV90aXRsZSI6ZmFsc2UsImRpc3BsYXlfZGVzY3JpcHRpb24iOmZhbHNlLCJpZCI6ImZvcm1fc3RhZmZfbG90dGVyeSIsInZhbHVlcyI6W10sInN1Ym1pdF90ZXh0IjoiU3VibWl0IiwicmVkaXJlY3QiOm51bGwsInRhcmdldCI6Imh0dHBzOlwvXC9oZWFsdGhjaGFyaXR5LndhbGVzXC9jeVwvd3AtanNvblwvd3BcL3YyXC9wYWdlc1wvMTAyNDMiLCJlY2hvIjp0cnVlLCJleGNsdWRlX2ZpZWxkcyI6W10sInVwbG9hZGVyIjoid3AiLCJmaWx0ZXJfbW9kZSI6ZmFsc2UsImxhYmVsX3BsYWNlbWVudCI6InRvcCIsImluc3RydWN0aW9uX3BsYWNlbWVudCI6ImxhYmVsIiwiaG9uZXlwb3QiOnRydWV9\"><input type=\"hidden\" name=\"_acf_form\" value=\"eyJhamF4IjpmYWxzZSwiZGlzcGxheV90aXRsZSI6ZmFsc2UsImRpc3BsYXlfZGVzY3JpcHRpb24iOmZhbHNlLCJpZCI6ImZvcm1fc3RhZmZfbG90dGVyeSIsInZhbHVlcyI6W10sInN1Ym1pdF90ZXh0IjoiU3VibWl0IiwicmVkaXJlY3QiOm51bGwsInRhcmdldCI6Imh0dHBzOlwvXC9oZWFsdGhjaGFyaXR5LndhbGVzXC9jeVwvd3AtanNvblwvd3BcL3YyXC9wYWdlc1wvMTAyNDMiLCJlY2hvIjp0cnVlLCJleGNsdWRlX2ZpZWxkcyI6W10sInVwbG9hZGVyIjoid3AiLCJmaWx0ZXJfbW9kZSI6ZmFsc2UsImxhYmVsX3BsYWNlbWVudCI6InRvcCIsImluc3RydWN0aW9uX3BsYWNlbWVudCI6ImxhYmVsIiwiaG9uZXlwb3QiOnRydWV9\"><input type=\"hidden\" name=\"af_form_nonce\" value=\"9ce6f832b6\"><label for=\"af_email_for_non_humans_form_staff_lottery\" aria-hidden=\"true\">Email for non-humans<\/label><input type=\"text\" name=\"email_for_non_humans\" id=\"af_email_for_non_humans_form_staff_lottery\" tabindex=\"-1\" autocomplete=\"off\" \/><input type=\"hidden\" name=\"af_origin_url\" value=\"https:\/\/healthcharity.wales\/cy\/wp-json\/wp\/v2\/pages\/10243\" \/><\/div><div class=\"af-field af-field-type-radio af-field-lottery-pay-frequency acf-field acf-field-radio acf-field-6048b00e9c654 af-field-required\" data-name=\"lottery_pay_frequency\" data-key=\"field_6048b00e9c654\" data-type=\"radio\"><div class=\"af-label acf-label\"><label for=\"acf-field_6048b00e9c654\">Pay Frequency <span class=\"acf-required\">*<\/span><\/label><p class=\"af-field-instructions -placement-label\">(Please refer to your most recent Payslip)<\/p><\/div><div class=\"af-input acf-input\"><input type=\"hidden\" name=\"acf[field_6048b00e9c654]\"\/><ul class=\"acf-radio-list acf-hl\" data-allow_null=\"0\" data-other_choice=\"0\"><li><label class=\"selected\"><input type=\"radio\" id=\"acf-field_6048b00e9c654-monthly\" name=\"acf[field_6048b00e9c654]\" value=\"monthly\" checked=\"checked\"\/>Monthly<\/label><\/li><li><label><input type=\"radio\" id=\"acf-field_6048b00e9c654-weekly\" name=\"acf[field_6048b00e9c654]\" value=\"weekly\"\/>Weekly<\/label><\/li><\/ul><\/div><\/div><div class=\"col-sm-12 af-field af-field-type-number af-field-lottery-employee-number acf-field acf-field-number acf-field-lottery-employee-number-key af-field-required\" data-name=\"lottery_employee_number\" data-key=\"lottery_employee_number_key\" data-type=\"number\"><div class=\"af-label acf-label\"><label for=\"acf-lottery_employee_number_key\">Rhif Gweithiwr <span class=\"acf-required\">*<\/span><\/label><\/div><div class=\"af-input acf-input\"><div class=\"acf-input-wrap\"><input type=\"number\" id=\"acf-lottery_employee_number_key\" name=\"acf[lottery_employee_number_key]\" step=\"any\" required=\"required\"\/><\/div><\/div><\/div><div class=\"col-md-12 col-lg-2 af-field af-field-type-select af-field-lottery-title acf-field acf-field-select acf-field-lottery-title-key af-field-required\" data-name=\"lottery_title\" data-key=\"lottery_title_key\" data-type=\"select\"><div class=\"af-label acf-label\"><label for=\"acf-lottery_title_key\">Teitl <span class=\"acf-required\">*<\/span><\/label><\/div><div class=\"af-input acf-input\"><input type=\"hidden\" id=\"acf-lottery_title_key-input\" name=\"acf[lottery_title_key]\"\/><select id=\"acf-lottery_title_key\" class=\"\" name=\"acf[lottery_title_key]\" data-ui=\"1\" data-ajax=\"0\" data-multiple=\"0\" data-placeholder=\"Select\" data-allow_null=\"0\"><option value=\"Mr\">Mr<\/option><option value=\"Mrs\">Mrs<\/option><option value=\"Miss\">Miss<\/option><option value=\"Ms\">Ms<\/option><option value=\"Other\">Other<\/option><\/select><\/div><\/div><div class=\"col-sm-12 col-md-6 col-lg-5 af-field af-field-type-text af-field-lottery-forename acf-field acf-field-text acf-field-lottery-forename-key af-field-required\" data-name=\"lottery_forename\" data-key=\"lottery_forename_key\" data-type=\"text\"><div class=\"af-label acf-label\"><label for=\"acf-lottery_forename_key\">Enw cyntaf <span class=\"acf-required\">*<\/span><\/label><\/div><div class=\"af-input acf-input\"><div class=\"acf-input-wrap\"><input type=\"text\" id=\"acf-lottery_forename_key\" name=\"acf[lottery_forename_key]\" required=\"required\"\/><\/div><\/div><\/div><div class=\"col-sm-12 col-md-6 col-lg-5 af-field af-field-type-text af-field-lottery-surname acf-field acf-field-text acf-field-lottery-surname-key af-field-required\" data-name=\"lottery_surname\" data-key=\"lottery_surname_key\" data-type=\"text\"><div class=\"af-label acf-label\"><label for=\"acf-lottery_surname_key\">Cyfenw <span class=\"acf-required\">*<\/span><\/label><\/div><div class=\"af-input acf-input\"><div class=\"acf-input-wrap\"><input type=\"text\" id=\"acf-lottery_surname_key\" name=\"acf[lottery_surname_key]\" required=\"required\"\/><\/div><\/div><\/div><div class=\"col-sm-12 af-field af-field-type-textarea af-field-lottery-home-address acf-field acf-field-textarea acf-field-lottery-home-address-key af-field-required\" data-name=\"lottery_home_address\" data-key=\"lottery_home_address_key\" data-type=\"textarea\"><div class=\"af-label acf-label\"><label for=\"acf-lottery_home_address_key\">Cyfeiriad Cartref <span class=\"acf-required\">*<\/span><\/label><\/div><div class=\"af-input acf-input\"><textarea id=\"acf-lottery_home_address_key\" name=\"acf[lottery_home_address_key]\" rows=\"8\" required=\"required\"><\/textarea><\/div><\/div><div class=\"col-sm-12 col-md-6 af-field af-field-type-text af-field-lottery-postcode acf-field acf-field-text acf-field-lottery-postcode-key af-field-required\" data-name=\"lottery_postcode\" data-key=\"lottery_postcode_key\" data-type=\"text\"><div class=\"af-label acf-label\"><label for=\"acf-lottery_postcode_key\">Cod post <span class=\"acf-required\">*<\/span><\/label><\/div><div class=\"af-input acf-input\"><div class=\"acf-input-wrap\"><input type=\"text\" id=\"acf-lottery_postcode_key\" name=\"acf[lottery_postcode_key]\" required=\"required\"\/><\/div><\/div><\/div><div class=\"col-sm-12 col-md-6 af-field af-field-type-text af-field-lottery-home-tel acf-field acf-field-text acf-field-lottery-home-tel-key\" data-name=\"lottery_home_tel\" data-key=\"lottery_home_tel_key\" data-type=\"text\"><div class=\"af-label acf-label\"><label for=\"acf-lottery_home_tel_key\">Rhif ff\u00f4n Cartref<\/label><\/div><div class=\"af-input acf-input\"><div class=\"acf-input-wrap\"><input type=\"text\" id=\"acf-lottery_home_tel_key\" name=\"acf[lottery_home_tel_key]\"\/><\/div><\/div><\/div><div class=\"col-sm-12 af-field af-field-type-textarea af-field-lottery-work-address acf-field acf-field-textarea acf-field-lottery-work-address-key af-field-required\" data-name=\"lottery_work_address\" data-key=\"lottery_work_address_key\" data-type=\"textarea\"><div class=\"af-label acf-label\"><label for=\"acf-lottery_work_address_key\">Cyfeiriad Gwaith <span class=\"acf-required\">*<\/span><\/label><\/div><div class=\"af-input acf-input\"><textarea id=\"acf-lottery_work_address_key\" name=\"acf[lottery_work_address_key]\" rows=\"8\" required=\"required\"><\/textarea><\/div><\/div><div class=\"col-sm-12 col-md-6 af-field af-field-type-text af-field-lottery-work-tel acf-field acf-field-text acf-field-lottery-work-tel-key\" data-name=\"lottery_work_tel\" data-key=\"lottery_work_tel_key\" data-type=\"text\"><div class=\"af-label acf-label\"><label for=\"acf-lottery_work_tel_key\">Rhif ff\u00f4n Gwaith<\/label><\/div><div class=\"af-input acf-input\"><div class=\"acf-input-wrap\"><input type=\"text\" id=\"acf-lottery_work_tel_key\" name=\"acf[lottery_work_tel_key]\"\/><\/div><\/div><\/div><div class=\"col-sm-12 col-md-6 af-field af-field-type-text af-field-Mobile acf-field acf-field-text acf-field-mobile-key af-field-required\" data-name=\"Mobile\" data-key=\"mobile_key\" data-type=\"text\"><div class=\"af-label acf-label\"><label for=\"acf-mobile_key\">Ff\u00f4n Symudol <span class=\"acf-required\">*<\/span><\/label><\/div><div class=\"af-input acf-input\"><div class=\"acf-input-wrap\"><input type=\"text\" id=\"acf-mobile_key\" name=\"acf[mobile_key]\" required=\"required\"\/><\/div><\/div><\/div><div class=\"col-sm-12 af-field af-field-type-email af-field-lottery-email-address acf-field acf-field-email acf-field-lottery-email-address-key af-field-required\" data-name=\"lottery_email_address\" data-key=\"lottery_email_address_key\" data-type=\"email\"><div class=\"af-label acf-label\"><label for=\"acf-lottery_email_address_key\">E-bost  <span class=\"acf-required\">*<\/span><\/label><\/div><div class=\"af-input acf-input\"><div class=\"acf-input-wrap\"><input type=\"email\" id=\"acf-lottery_email_address_key\" name=\"acf[lottery_email_address_key]\" required=\"required\"\/><\/div><\/div><\/div><div class=\"col-sm-12 af-field af-field-type-radio af-field-lottery-numbers acf-field acf-field-radio acf-field-lottery-numbers-key af-field-required\" data-name=\"lottery_numbers\" data-key=\"lottery_numbers_key\" data-type=\"radio\"><div class=\"af-label acf-label\"><label for=\"acf-lottery_numbers_key\">Cofnodion Loteri  <span class=\"acf-required\">*<\/span><\/label><p class=\"af-field-instructions -placement-label\">Mae pob rhif yn costio \u00a31.00 bob wythnos<\/p><\/div><div class=\"af-input acf-input\"><input type=\"hidden\" name=\"acf[lottery_numbers_key]\"\/><ul class=\"acf-radio-list acf-bl\" data-allow_null=\"0\" data-other_choice=\"0\"><li><label class=\"selected\"><input type=\"radio\" id=\"acf-lottery_numbers_key-1\" name=\"acf[lottery_numbers_key]\" value=\"1\" checked=\"checked\"\/>1<\/label><\/li><li><label><input type=\"radio\" id=\"acf-lottery_numbers_key-2\" name=\"acf[lottery_numbers_key]\" value=\"2\"\/>2<\/label><\/li><li><label><input type=\"radio\" id=\"acf-lottery_numbers_key-3\" name=\"acf[lottery_numbers_key]\" value=\"3\"\/>3<\/label><\/li><li><label><input type=\"radio\" id=\"acf-lottery_numbers_key-4\" name=\"acf[lottery_numbers_key]\" value=\"4\"\/>4<\/label><\/li><li><label><input type=\"radio\" id=\"acf-lottery_numbers_key-5\" name=\"acf[lottery_numbers_key]\" value=\"5\"\/>5<\/label><\/li><li><label><input type=\"radio\" id=\"acf-lottery_numbers_key-6\" name=\"acf[lottery_numbers_key]\" value=\"6\"\/>6<\/label><\/li><\/ul><\/div><\/div><div class=\"af-field af-field-type-true-false af-field-check-1 acf-field acf-field-true-false acf-field-check-1-key\" data-name=\"check_1\" data-key=\"check_1_key\" data-type=\"true_false\"><div class=\"af-label acf-label\"><label for=\"acf-check_1_key\">Pe byddwn yn ennill y Loteri Staff, rydw i\u2019n rhoi caniat\u00e2d i\u2019m henw\/adran gael ei roi ar Intranet UHB ac ar wefan a chyfryngau cymdeithasol Elusen Iechyd Caerdydd a\u2019r Fro. <\/label><\/div><div class=\"af-input acf-input\"><div class=\"acf-true-false\">\n\t\t\t<input type=\"hidden\" name=\"acf[check_1_key]\" value=\"0\"\/>\t<label>\n\t\t<input type=\"checkbox\" id=\"acf-check_1_key\" name=\"acf[check_1_key]\" value=\"1\" class=\"\" autocomplete=\"off\"\/>\n\t\t\t\t\t\t\t\t\t\t<span class=\"message\">Pe byddwn yn ennill y Loteri Staff, rydw i\u2019n rhoi caniat\u00e2d i\u2019m henw\/adran gael ei roi ar Intranet UHB ac ar wefan a chyfryngau cymdeithasol Elusen Iechyd Caerdydd a\u2019r Fro. <\/span>\t<\/label>\n<\/div>\n\t\t\t<\/div><\/div><div class=\"af-field af-field-type-true-false af-field-check-2 acf-field acf-field-true-false acf-field-check-2-key af-field-required\" data-name=\"check_2\" data-key=\"check_2_key\" data-type=\"true_false\"><div class=\"af-label acf-label\"><label for=\"acf-check_2_key\">Fy nghyfrifoldeb i yw rhoi gwybod i\u2019r t\u00eem Elusen Iechyd am unrhyw newidiadau i \u2018m hamgylchiadau. <span class=\"acf-required\">*<\/span><\/label><\/div><div class=\"af-input acf-input\"><div class=\"acf-true-false\">\n\t\t\t<input type=\"hidden\" name=\"acf[check_2_key]\" value=\"0\"\/>\t<label>\n\t\t<input type=\"checkbox\" id=\"acf-check_2_key\" name=\"acf[check_2_key]\" value=\"1\" class=\"\" autocomplete=\"off\"\/>\n\t\t\t\t\t\t\t\t\t\t<span class=\"message\">Fy nghyfrifoldeb i yw rhoi gwybod i\u2019r t\u00eem Elusen Iechyd am unrhyw newidiadau i \u2018m hamgylchiadau.<\/span>\t<\/label>\n<\/div>\n\t\t\t<\/div><\/div><div class=\"col-sm-12 col-md-6 af-field af-field-type-text af-field-lottery-signed acf-field acf-field-text acf-field-lottery-signed-key af-field-required\" data-name=\"lottery_signed\" data-key=\"lottery_signed_key\" data-type=\"text\"><div class=\"af-label acf-label\"><label for=\"acf-lottery_signed_key\">Signed <span class=\"acf-required\">*<\/span><\/label><\/div><div class=\"af-input acf-input\"><div class=\"acf-input-wrap\"><input type=\"text\" id=\"acf-lottery_signed_key\" name=\"acf[lottery_signed_key]\" required=\"required\"\/><\/div><\/div><\/div><div class=\"col-sm-12 col-md-6 af-field af-field-type-date-picker af-field-lottey-date acf-field acf-field-date-picker acf-field-lottey-date-key af-field-required\" data-name=\"lottey_date\" data-key=\"lottey_date_key\" data-type=\"date_picker\"><div class=\"af-label acf-label\"><label for=\"acf-lottey_date_key\">Date <span class=\"acf-required\">*<\/span><\/label><\/div><div class=\"af-input acf-input\">\t\t<div class=\"acf-date-picker acf-input-wrap\" data-date_format=\"dd\/mm\/yy\" data-first_day=\"1\">\n\t\t\t<input type=\"hidden\" id=\"acf-lottey_date_key\" name=\"acf[lottey_date_key]\" value=\"\"\/>\t\t\t<input type=\"text\" class=\"input\" value=\"\"\/>\t\t<\/div>\n\t\t\t<\/div><\/div><div class=\"af-submit acf-form-submit\"><button type=\"submit\" class=\"acf-button af-submit-button\">Submit<\/button><span class=\"acf-spinner af-spinner\"><\/span><\/div><\/div><\/form>\n\n<hr class=\"wp-block-separator\"\/>\n\n<div class=\"wp-block-button\"><a class=\"wp-block-button__link has-background\" href=\"https:\/\/healthcharity.wales\/app\/uploads\/2019\/11\/Staff-Lottery-Leaflet-March-2021-INTERACTIVE.pdf\" title=\"https:\/\/healthcharity.wales\/app\/uploads\/2019\/11\/Staff-Lottery-Leaflet-March-2021-INTERACTIVE.pdf\" style=\"background-color:#931f67\" target=\"_blank\" rel=\"noreferrer noopener\">Llwytho ffurflen gais i lawr<\/a><\/div>\n\n<div style=\"height:20px\" aria-hidden=\"true\" class=\"wp-block-spacer\"><\/div>\n\n<h4 class=\"has-text-color wp-block-heading\" style=\"color:#931f67\">Unrhyw gwestiynau?<\/h4>\n\n<p>Elusen Iechyd Caerdydd a&#8217;r Fro sy&#8217;n rhedeg loteri&#8217;r staff. Cysylltwch \u00e2 swyddfa&#8217;r Elusen yn:<\/p>\n\n<p>Swyddfa&#8217;r Elusen<br\/>Woodland House, Maes-y-Coed Road, Y Mynydd Bychan, Caerdydd, CF14 4HH<br\/>Estyniad ff\u00f4n 36041 neu anfonwch e-bost at <a href=\"mailto:fundraising.cav@wales.nhs.uk\">fundraising.cav@wales.nhs.uk<\/a><\/p>\n\n<div class=\"wp-block-group has-background p-3\" style=\"background-color:#f4f4f4\"><div class=\"wp-block-group__inner-container is-layout-flow wp-block-group-is-layout-flow\">\n<h4 class=\"has-text-color wp-block-heading\" style=\"color:#931f67\">Enillwyr Blaenorol<\/h4>\n\n\n\n<p><strong>YOUR \u00a31,000 April STAFF LOTTERY WINNERS ARE:<\/strong><\/p>\n\n\n\n<p><strong>Jeffery Davies, Estates Department, UHW<\/strong><\/p>\n\n\n\n<p><strong>Marlene Jones, Community Midwifery, UHW<\/strong><\/p>\n\n\n\n<p><strong>Rhian Smith, Palliative Care Office, UHW<\/strong><\/p>\n\n\n\n<p><strong>Susan Mogford, Short Stay Surgical Unit, UHW<\/strong><\/p>\n\n\n\n<p><strong>Sarah Thompson, Accident &amp; Emergency Unit, UHW<\/strong><\/p>\n\n\n\n<p>The April 2021 Staff Lottery Draw helped create five \u00a31,000 winners who were all delighted to hear the brilliant news! \u00a0\u00a0<\/p>\n\n\n\n<p><strong><u>THE STAFF LOTTERY \u00a35,000 SUPERDRAW TO BE DRAWN ON 25<sup>th<\/sup> JUNE 2021 &amp; \u00a321,000 in October!<\/u><\/strong><\/p>\n\n\n\n<p><strong><u>SO COME ON AND PLEASE SIGN UP!<\/u><\/strong><\/p>\n\n\n\n<figure class=\"wp-block-image size-large\"><img loading=\"lazy\" decoding=\"async\" width=\"1024\" height=\"544\" src=\"https:\/\/healthcharity.wales\/app\/uploads\/2021\/03\/SuperMegaDraw-Eng-1024x544.png\" alt=\"\" class=\"wp-image-8737\" srcset=\"https:\/\/healthcharity.wales\/app\/uploads\/2021\/03\/SuperMegaDraw-Eng-1024x544.png 1024w, https:\/\/healthcharity.wales\/app\/uploads\/2021\/03\/SuperMegaDraw-Eng-300x159.png 300w, https:\/\/healthcharity.wales\/app\/uploads\/2021\/03\/SuperMegaDraw-Eng-768x408.png 768w, https:\/\/healthcharity.wales\/app\/uploads\/2021\/03\/SuperMegaDraw-Eng-250x133.png 250w, https:\/\/healthcharity.wales\/app\/uploads\/2021\/03\/SuperMegaDraw-Eng.png 1084w\" sizes=\"auto, (max-width: 1024px) 100vw, 1024px\" \/><\/figure>\n\n\n<p>Mae Loteri&#8217;r Staff yn cefnogi staff ledled Caerdydd a&#8217;r Fro drwy greu enillwyr newydd bob mis. Mae hefyd yn galluogi staff i wneud cais am arian gan Banel Ceisiadau Loteri&#8217;r Staff, sydd wedi rhoi grantiau o dros \u00a31.5 miliwn i gefnogi nifer o brosiectau ledled Bwrdd Iechyd y Brifysgol sydd o fudd i gleifion, staff ac ymwelwyr.<\/p>\n\n\n\n<p>Lottery Application form can be completed electronically <a href=\"https:\/\/healthcharity.wales\/app\/uploads\/2019\/11\/Staff-Lottery-Leaflet-March-2021-INTERACTIVE.pdf\" target=\"_blank\" rel=\"noreferrer noopener\" aria-label=\" (opens in a new tab)\">here<\/a> and returned to <a href=\"mailto:fundraising.cav@wales.nhs.uk\">fundraising.cav@wales.nhs.uk<\/a>.<\/p>\n<\/div><\/div>\n\n<div style=\"height:34px\" aria-hidden=\"true\" class=\"wp-block-spacer\"><\/div>\n\n<p><\/p>\n","protected":false},"excerpt":{"rendered":"<p>Sefydlwyd loteri&#8217;r staff ym mis Medi 2005 i godi arian i Elusen Iechyd Caerdydd a&#8217;r Fro (rhif cofrestru&#8217;r elusen: 1056544) er budd staff a chleifion. Ers hynny, mae&#8217;r loteri wedi mynd o nerth i nerth. Erbyn hyn, mae gan staff y cyfle i ennill \u00a31,000 bob wythnos, a cheir dwy raffl enfawr bob blwyddyn hefyd!<\/p>\n","protected":false},"author":1,"featured_media":0,"parent":0,"menu_order":113,"comment_status":"closed","ping_status":"closed","template":"","meta":{"_acf_changed":false,"give_campaign_id":0,"footnotes":""},"class_list":["post-10243","page","type-page","status-publish","hentry"],"acf":[],"campaignId":"","_links":{"self":[{"href":"https:\/\/healthcharity.wales\/cy\/wp-json\/wp\/v2\/pages\/10243","targetHints":{"allow":["GET"]}}],"collection":[{"href":"https:\/\/healthcharity.wales\/cy\/wp-json\/wp\/v2\/pages"}],"about":[{"href":"https:\/\/healthcharity.wales\/cy\/wp-json\/wp\/v2\/types\/page"}],"author":[{"embeddable":true,"href":"https:\/\/healthcharity.wales\/cy\/wp-json\/wp\/v2\/users\/1"}],"replies":[{"embeddable":true,"href":"https:\/\/healthcharity.wales\/cy\/wp-json\/wp\/v2\/comments?post=10243"}],"version-history":[{"count":1,"href":"https:\/\/healthcharity.wales\/cy\/wp-json\/wp\/v2\/pages\/10243\/revisions"}],"predecessor-version":[{"id":10244,"href":"https:\/\/healthcharity.wales\/cy\/wp-json\/wp\/v2\/pages\/10243\/revisions\/10244"}],"wp:attachment":[{"href":"https:\/\/healthcharity.wales\/cy\/wp-json\/wp\/v2\/media?parent=10243"}],"curies":[{"name":"wp","href":"https:\/\/api.w.org\/{rel}","templated":true}]}}